{"id":1627,"date":"2024-05-20T12:40:18","date_gmt":"2024-05-20T10:40:18","guid":{"rendered":"https:\/\/passpartulle.com\/?post_type=product&#038;p=1627"},"modified":"2024-06-19T14:40:02","modified_gmt":"2024-06-19T12:40:02","slug":"the-drap-queen","status":"publish","type":"product","link":"https:\/\/passpartulle.com\/index.php\/product\/the-drap-queen\/","title":{"rendered":"The Drap Queen"},"content":{"rendered":"<p>Scopriamo i colori che ti faranno dire: \u201cPerch\u00e9 non l\u2019ho fatto prima?\u201d. L\u2019importante \u00e8 non perdere ulteriore tempo! Come? Ti mander\u00f2 precise indicazioni via email o WhatsApp e, se necessario, seguir\u00e0 una videochiamata.<\/p>\n<p>Riceverai:<\/p>\n<ul style=\"list-style-type: circle;\">\n<li><img decoding=\"async\" class=\"alignnone  wp-image-1868\" src=\"https:\/\/passpartulle.com\/wp-content\/uploads\/2024\/05\/vverde-300x300.png\" alt=\"\" width=\"25\" height=\"25\" srcset=\"https:\/\/passpartulle.com\/wp-content\/uploads\/2024\/05\/vverde-300x300.png 300w, https:\/\/passpartulle.com\/wp-content\/uploads\/2024\/05\/vverde-150x150.png 150w, https:\/\/passpartulle.com\/wp-content\/uploads\/2024\/05\/vverde-100x100.png 100w, https:\/\/passpartulle.com\/wp-content\/uploads\/2024\/05\/vverde.png 450w\" sizes=\"(max-width: 25px) 100vw, 25px\" \/> Analisi di armocromia ONLINE (Flow system)<\/li>\n<li><img decoding=\"async\" class=\"alignnone  wp-image-1868\" src=\"https:\/\/passpartulle.com\/wp-content\/uploads\/2024\/05\/vverde-300x300.png\" alt=\"\" width=\"25\" height=\"25\" srcset=\"https:\/\/passpartulle.com\/wp-content\/uploads\/2024\/05\/vverde-300x300.png 300w, https:\/\/passpartulle.com\/wp-content\/uploads\/2024\/05\/vverde-150x150.png 150w, https:\/\/passpartulle.com\/wp-content\/uploads\/2024\/05\/vverde-100x100.png 100w, https:\/\/passpartulle.com\/wp-content\/uploads\/2024\/05\/vverde.png 450w\" sizes=\"(max-width: 25px) 100vw, 25px\" \/> Report della tua stagione<\/li>\n<li><img decoding=\"async\" class=\"alignnone  wp-image-1868\" src=\"https:\/\/passpartulle.com\/wp-content\/uploads\/2024\/05\/vverde-300x300.png\" alt=\"\" width=\"25\" height=\"25\" srcset=\"https:\/\/passpartulle.com\/wp-content\/uploads\/2024\/05\/vverde-300x300.png 300w, https:\/\/passpartulle.com\/wp-content\/uploads\/2024\/05\/vverde-150x150.png 150w, https:\/\/passpartulle.com\/wp-content\/uploads\/2024\/05\/vverde-100x100.png 100w, https:\/\/passpartulle.com\/wp-content\/uploads\/2024\/05\/vverde.png 450w\" sizes=\"(max-width: 25px) 100vw, 25px\" \/> Palette stagionale di riferimento.<\/li>\n<\/ul>\n<p>\u00a0<\/p>\n<p>\u00a0<\/p>\n<p>\u00a0<\/p>\n","protected":false},"excerpt":{"rendered":"<p>Scopriamo i colori che ti faranno dire: \u201cPerch\u00e9 non l\u2019ho fatto prima?\u201d. L\u2019importante \u00e8 non perdere ulteriore tempo! Come? Ti mander\u00f2 precise indicazioni via email o WhatsApp e, se necessario, seguir\u00e0 una videochiamata. Riceverai: Analisi di armocromia ONLINE (Flow system) Report della tua stagione Palette stagionale di riferimento. \u00a0 \u00a0 \u00a0<\/p>\n","protected":false},"featured_media":1628,"template":"","meta":{"_monsterinsights_skip_tracking":false,"_monsterinsights_sitenote_active":false,"_monsterinsights_sitenote_note":"","_monsterinsights_sitenote_category":0},"product_brand":[],"product_cat":[54],"product_tag":[],"class_list":{"0":"post-1627","1":"product","2":"type-product","3":"status-publish","4":"has-post-thumbnail","6":"product_cat-consulenze","8":"first","9":"instock","10":"shipping-taxable","11":"purchasable","12":"product-type-simple"},"aioseo_notices":[],"jetpack_sharing_enabled":true,"_links":{"self":[{"href":"https:\/\/passpartulle.com\/index.php\/wp-json\/wp\/v2\/product\/1627","targetHints":{"allow":["GET"]}}],"collection":[{"href":"https:\/\/passpartulle.com\/index.php\/wp-json\/wp\/v2\/product"}],"about":[{"href":"https:\/\/passpartulle.com\/index.php\/wp-json\/wp\/v2\/types\/product"}],"wp:featuredmedia":[{"embeddable":true,"href":"https:\/\/passpartulle.com\/index.php\/wp-json\/wp\/v2\/media\/1628"}],"wp:attachment":[{"href":"https:\/\/passpartulle.com\/index.php\/wp-json\/wp\/v2\/media?parent=1627"}],"wp:term":[{"taxonomy":"product_brand","embeddable":true,"href":"https:\/\/passpartulle.com\/index.php\/wp-json\/wp\/v2\/product_brand?post=1627"},{"taxonomy":"product_cat","embeddable":true,"href":"https:\/\/passpartulle.com\/index.php\/wp-json\/wp\/v2\/product_cat?post=1627"},{"taxonomy":"product_tag","embeddable":true,"href":"https:\/\/passpartulle.com\/index.php\/wp-json\/wp\/v2\/product_tag?post=1627"}],"curies":[{"name":"wp","href":"https:\/\/api.w.org\/{rel}","templated":true}]}}