{"id":1623,"date":"2024-05-20T12:42:30","date_gmt":"2024-05-20T10:42:30","guid":{"rendered":"https:\/\/passpartulle.com\/?post_type=product&#038;p=1623"},"modified":"2024-06-19T14:37:10","modified_gmt":"2024-06-19T12:37:10","slug":"and-the-winner-is","status":"publish","type":"product","link":"https:\/\/passpartulle.com\/index.php\/product\/and-the-winner-is\/","title":{"rendered":"And the Winner is&#8230;"},"content":{"rendered":"<p>Hai un giorno complesso o particolare? Lo sai che lo stile giusto ha il potere di farci star meglio? Ti far\u00f2 da consulente a chiamata, per scegliere ci\u00f2 che \u00e8 pi\u00f9 indicato per te e per comunicare in modo efficace e potente.<\/p>\n<p>Riceverai:<\/p>\n<ul style=\"list-style-type: circle;\">\n<li><img decoding=\"async\" class=\"alignnone  wp-image-1868\" src=\"https:\/\/passpartulle.com\/wp-content\/uploads\/2024\/05\/vverde-300x300.png\" alt=\"\" width=\"25\" height=\"25\" srcset=\"https:\/\/passpartulle.com\/wp-content\/uploads\/2024\/05\/vverde-300x300.png 300w, https:\/\/passpartulle.com\/wp-content\/uploads\/2024\/05\/vverde-150x150.png 150w, https:\/\/passpartulle.com\/wp-content\/uploads\/2024\/05\/vverde-100x100.png 100w, https:\/\/passpartulle.com\/wp-content\/uploads\/2024\/05\/vverde.png 450w\" sizes=\"(max-width: 25px) 100vw, 25px\" \/> Consigli di Stile per un Evento importante, previa analisi <a title=\"Style me Softly\" href=\"https:\/\/passpartulle.com\/index.php\/product\/style-me-softly\/\" target=\"_blank\" rel=\"noopener\">Style me Soflty<\/a><\/li>\n<\/ul>\n","protected":false},"excerpt":{"rendered":"<p>Hai un giorno complesso o particolare? Lo sai che lo stile giusto ha il potere di farci star meglio? Ti far\u00f2 da consulente a chiamata, per scegliere ci\u00f2 che \u00e8 pi\u00f9 indicato per te e per comunicare in modo efficace e potente. Riceverai: Consigli di Stile per un Evento importante, previa analisi Style me Soflty<\/p>\n","protected":false},"featured_media":1624,"template":"","meta":{"_monsterinsights_skip_tracking":false,"_monsterinsights_sitenote_active":false,"_monsterinsights_sitenote_note":"","_monsterinsights_sitenote_category":0},"product_brand":[],"product_cat":[54],"product_tag":[],"class_list":{"0":"post-1623","1":"product","2":"type-product","3":"status-publish","4":"has-post-thumbnail","6":"product_cat-consulenze","8":"first","9":"instock","10":"shipping-taxable","11":"purchasable","12":"product-type-simple"},"aioseo_notices":[],"jetpack_sharing_enabled":true,"_links":{"self":[{"href":"https:\/\/passpartulle.com\/index.php\/wp-json\/wp\/v2\/product\/1623","targetHints":{"allow":["GET"]}}],"collection":[{"href":"https:\/\/passpartulle.com\/index.php\/wp-json\/wp\/v2\/product"}],"about":[{"href":"https:\/\/passpartulle.com\/index.php\/wp-json\/wp\/v2\/types\/product"}],"wp:featuredmedia":[{"embeddable":true,"href":"https:\/\/passpartulle.com\/index.php\/wp-json\/wp\/v2\/media\/1624"}],"wp:attachment":[{"href":"https:\/\/passpartulle.com\/index.php\/wp-json\/wp\/v2\/media?parent=1623"}],"wp:term":[{"taxonomy":"product_brand","embeddable":true,"href":"https:\/\/passpartulle.com\/index.php\/wp-json\/wp\/v2\/product_brand?post=1623"},{"taxonomy":"product_cat","embeddable":true,"href":"https:\/\/passpartulle.com\/index.php\/wp-json\/wp\/v2\/product_cat?post=1623"},{"taxonomy":"product_tag","embeddable":true,"href":"https:\/\/passpartulle.com\/index.php\/wp-json\/wp\/v2\/product_tag?post=1623"}],"curies":[{"name":"wp","href":"https:\/\/api.w.org\/{rel}","templated":true}]}}